{"id":345,"date":"2023-06-20T12:42:47","date_gmt":"2023-06-20T16:42:47","guid":{"rendered":"https:\/\/mintminidentalimplants.com\/?page_id=345"},"modified":"2023-09-18T18:12:41","modified_gmt":"2023-09-18T22:12:41","slug":"sistema-informatizado-de-novocaina-en-wilkes-barre-pa","status":"publish","type":"page","link":"https:\/\/mintminidentalimplants.com\/es\/computerized-novocaine-system-in-wilkes-barre-pa\/","title":{"rendered":"Sistema computarizado de novoca\u00edna en Wilkes-Barre, PA"},"content":{"rendered":"<div class=\"row\"  id=\"row-1550706442\">\n\n\t<div id=\"col-1973499337\" class=\"col medium-8 small-12 large-8\"  >\n\t\t\t\t<div class=\"col-inner\"  >\n\t\t\t\n\t\t\t\n<h1>The Wand (CompuDent or STA system)<\/h1>\n<p class=\"lead\">What is a computerized novocaine system?<\/p>\n<p><img loading=\"lazy\" decoding=\"async\" class=\"wp-image-380 alignright\" src=\" https:\/\/mintminidentalimplants.com\/wp-content\/uploads\/2023\/06\/CompuDent-SDTA-Wand.png\" alt=\"\" width=\"301\" height=\"321\" srcset=\"https:\/\/mintminidentalimplants.com\/wp-content\/uploads\/2023\/06\/CompuDent-SDTA-Wand.png 570w, https:\/\/mintminidentalimplants.com\/wp-content\/uploads\/2023\/06\/CompuDent-SDTA-Wand-375x400.png 375w\" sizes=\"auto, (max-width: 301px) 100vw, 301px\" \/>The Wand is essentially a computer-controlled dental injection. The flow rate of the local anesthetic is controlled by a computer. This means that the injection is guaranteed to be slow and steady and therefore comfortable.<\/p>\n<p>Even though Milestone Scientific \u2013 the manufacturers of the Wand \u2013 now call their products CompuDent and STA (Single Tooth Anesthesia) System, we\u2019ll still call it the Wand here \u2013 because a lot of people with needle phobia describe it as their \u201cMagic Wand\u201d!<\/p>\n<p>Most people who have had a bad experience with injections think that needles sting because the skin is pierced, but this is usually not so! Most often, the sting was caused because the anesthetic was fired in too quickly. Obviously, it is possible for the dentist to control the speed with a standard syringe, but the idea of the Wand is to take out the \u201chuman error\u201d. This can be very reassuring for people with previous bad experiences.<\/p>\n<h2>What does the Wand look like?<\/h2>\n<p>It simply doesn\u2019t look like a syringe! Welcome to the space age\u2026<\/p>\n<p>As you can see in the photo, the \u201chardware\u201d looks similar to a miniature computer tower.<\/p>\n<p>On the top of the little tower sits a cartridge with local anesthetic. A tube connects this to a pen-like handpiece (which does sport a needle. You\u2019ve gotta get the sleepy juice in there somehow, but the needle is very tiny.)<\/p>\n<p>The handpiece device looks just like a ball point pen (see below).<\/p>\n<p><img loading=\"lazy\" decoding=\"async\" class=\"wp-image-379 alignright\" src=\" https:\/\/mintminidentalimplants.com\/wp-content\/uploads\/2023\/06\/CompuDent-STA-Wand02-scaled.jpg\" alt=\"\" width=\"339\" height=\"336\" srcset=\"https:\/\/mintminidentalimplants.com\/wp-content\/uploads\/2023\/06\/CompuDent-STA-Wand02-scaled.jpg 2560w, https:\/\/mintminidentalimplants.com\/wp-content\/uploads\/2023\/06\/CompuDent-STA-Wand02-404x400.jpg 404w, https:\/\/mintminidentalimplants.com\/wp-content\/uploads\/2023\/06\/CompuDent-STA-Wand02-807x800.jpg 807w, https:\/\/mintminidentalimplants.com\/wp-content\/uploads\/2023\/06\/CompuDent-STA-Wand02-768x761.jpg 768w, https:\/\/mintminidentalimplants.com\/wp-content\/uploads\/2023\/06\/CompuDent-STA-Wand02-1536x1522.jpg 1536w, https:\/\/mintminidentalimplants.com\/wp-content\/uploads\/2023\/06\/CompuDent-STA-Wand02-2048x2029.jpg 2048w\" sizes=\"auto, (max-width: 339px) 100vw, 339px\" \/>It is even held like a pen! Using the Wand is very enjoyable for the operator (that is, the dentist) because it is so light and easy to handle. To start the computer, the dentist uses a foot pedal connected to the computer tower. The computer does the rest. That way, the operator can focus all attention on holding the handpiece in the right position.<\/p>\n<p>The cartridge holder, tube and wand handpiece are all single-use disposables.<\/p>\n<p>A \u201ccool blue\u201d \u201csafety\u201d wand handpiece with a self-retracting needle is also available (shown in the photo featuring the CompuDent tower above). The safety feature is there to prevent dental staff from accidentally poking themselves while getting rid of used handpieces. However, most dentists prefer the \u201cstandard\u201d wand on the left, because they find it easier to handle.<\/p>\n<p>The latest version of the Wand, called the STA system, again looks very similar, but they\u2019ve added more colourful buttons to make it look even better (see photo to the right)!<\/p>\n<p>The STA has two modes: the first mode is the traditional wand technique. It now has three speeds so that the delivery can be made faster after the initial slow bit. The second mode is the Single Tooth Anesthesia (STA) mode which uses a different needle, and has a visual gauge and emits little beeps to let the dentist know when they\u2019ve placed the needle correctly.<\/p>\n\t\t<\/div>\n\t\t\t\t\t<\/div>\n\n\t\n\n\t<div id=\"col-258128298\" class=\"col medium-4 small-12 large-4\"  >\n\t\t\t\t<div class=\"col-inner\"  >\n\t\t\t\n\t\t\t\n<ul class=\"sidebar-wrapper ul-reset\"><aside id=\"text-15\" class=\"widget widget_text\">\t\t\t<div class=\"textwidget\"><p><a href=\"\/videos\/\"><img loading=\"lazy\" decoding=\"async\" class=\"alignnone size-full wp-image-1185\" src=\"https:\/\/mintminidentalimplants.com\/wp-content\/uploads\/2023\/09\/video-library-button.png\" alt=\"\" width=\"600\" height=\"172\" \/><\/a><\/p>\n<\/div>\n\t\t<\/aside><aside id=\"text-13\" class=\"widget widget_text\">\t\t\t<div class=\"textwidget\"><div class=\"wpcf7 no-js\" id=\"wpcf7-f9-o1\" lang=\"en-US\" dir=\"ltr\" data-wpcf7-id=\"9\">\n<div class=\"screen-reader-response\">\n<p role=\"status\" aria-live=\"polite\" aria-atomic=\"true\">\n<ul><\/ul>\n<\/div>\n<form action=\"\/es\/wp-json\/wp\/v2\/pages\/345#wpcf7-f9-o1\" method=\"post\" class=\"wpcf7-form init cf7mls-no-scroll cf7mls-no-moving-animation\" aria-label=\"Contact form\" novalidate=\"novalidate\" data-status=\"init\">\n<fieldset class=\"hidden-fields-container\"><input type=\"hidden\" name=\"_wpcf7\" value=\"9\" \/><input type=\"hidden\" name=\"_wpcf7_version\" value=\"6.1.5\" \/><input type=\"hidden\" name=\"_wpcf7_locale\" value=\"en_US\" \/><input type=\"hidden\" name=\"_wpcf7_unit_tag\" value=\"wpcf7-f9-o1\" \/><input type=\"hidden\" name=\"_wpcf7_container_post\" value=\"0\" \/><input type=\"hidden\" name=\"_wpcf7_posted_data_hash\" value=\"\" \/><input type=\"hidden\" name=\"_wpcf7cf_hidden_group_fields\" value=\"[]\" \/><input type=\"hidden\" name=\"_wpcf7cf_hidden_groups\" value=\"[]\" \/><input type=\"hidden\" name=\"_wpcf7cf_visible_groups\" value=\"[]\" \/><input type=\"hidden\" name=\"_wpcf7cf_repeaters\" value=\"[]\" \/><input type=\"hidden\" name=\"_wpcf7cf_steps\" value=\"{}\" \/><input type=\"hidden\" name=\"_wpcf7cf_options\" value=\"{&quot;form_id&quot;:9,&quot;conditions&quot;:[],&quot;settings&quot;:{&quot;animation&quot;:&quot;yes&quot;,&quot;animation_intime&quot;:200,&quot;animation_outtime&quot;:200,&quot;conditions_ui&quot;:&quot;normal&quot;,&quot;notice_dismissed&quot;:false,&quot;notice_dismissed_rollback-cf7-5.8&quot;:true}}\" \/><br \/>\n<\/fieldset>\n<p><center><\/p>\n<h3>FREE CONSULTATION<br \/>\n\t<\/h3>\n<p><\/center><\/p>\n<hr \/>\n<p><center><\/p>\n<p><span class=\"wpcf7-form-control-wrap\" data-name=\"your-name\"><input size=\"40\" maxlength=\"400\" class=\"wpcf7-form-control wpcf7-text wpcf7-validates-as-required\" aria-required=\"true\" aria-invalid=\"false\" placeholder=\"Name\" value=\"\" type=\"text\" name=\"your-name\" \/><\/span>\n\t<\/p>\n<p><span class=\"wpcf7-form-control-wrap\" data-name=\"your-email\"><input size=\"40\" maxlength=\"400\" class=\"wpcf7-form-control wpcf7-email wpcf7-validates-as-required wpcf7-text wpcf7-validates-as-email\" aria-required=\"true\" aria-invalid=\"false\" placeholder=\"Email\" value=\"\" type=\"email\" name=\"your-email\" \/><\/span>\n\t<\/p>\n<p><span class=\"wpcf7-form-control-wrap\" data-name=\"tel-545\"><input size=\"40\" maxlength=\"400\" class=\"wpcf7-form-control wpcf7-tel wpcf7-text wpcf7-validates-as-tel\" aria-invalid=\"false\" placeholder=\"Your Phone Number\" value=\"\" type=\"tel\" name=\"tel-545\" \/><\/span>\n\t<\/p>\n<p><span class=\"wpcf7-form-control-wrap\" data-name=\"your-message\"><textarea cols=\"40\" rows=\"10\" maxlength=\"2000\" class=\"wpcf7-form-control wpcf7-textarea\" aria-invalid=\"false\" placeholder=\"How Can We Help?\" name=\"your-message\"><\/textarea><\/span>\n\t<\/p>\n<p><input class=\"wpcf7-form-control wpcf7-submit has-spinner button\" type=\"submit\" value=\"Submit Request\" \/>\n\t<\/p>\n<p><span style=\"display: block; width: 100%;\"><br \/>\n<button class=\"btn-tap-text\" type=\"button\" data-pid=\"f31c2955\" data-source=\"iQRc\u2122 Nexstar\" data-bizunit=\"WBRE\" data-type=\"link\" data-mediaformat=\"source: Website Link - Tap To Text Button\" data-clientlabel=\"Mint Mini Dental Implant Center\" data-offer=\"offer: Free Consultation\" style=\"background-color: #3f4040; color: white; width: 100%; padding: 2px; border: none; cursor: pointer;\"><br \/>\nTap To Text Us<br \/>\n<\/button><br \/>\n<\/span>\n\t<\/p>\n<p><\/center><input\n                    class=\"apbct_special_field apbct_email_id__wp_contact_form_7\"\n                    name=\"apbct__email_id__wp_contact_form_7\"\n                    aria-label=\"apbct__label_id__wp_contact_form_7\"\n                    type=\"text\" size=\"30\" maxlength=\"200\" autocomplete=\"off\"\n                    value=\"\"\n                \/><\/p>\n<div class=\"wpcf7-response-output\" aria-hidden=\"true\"><\/div>\n<\/form>\n<\/div>\n<\/div>\n\t\t<\/aside>\t\t<aside id=\"flatsome_recent_posts-17\" class=\"widget flatsome_recent_posts\">\t\t<span class=\"widget-title \"><span>Latest Posts<\/span><\/span><div class=\"is-divider small\"><\/div>\t\t<ul>\t\t\n\t\t\n\t\t<li class=\"recent-blog-posts-li\">\n\t\t\t<div class=\"flex-row recent-blog-posts align-top pt-half pb-half\">\n\t\t\t\t<div class=\"flex-col mr-half\">\n\t\t\t\t\t<div class=\"badge post-date  badge-outline\">\n\t\t\t\t\t\t\t<div class=\"badge-inner bg-fill\" style=\"background: url(https:\/\/mintminidentalimplants.com\/wp-content\/uploads\/2026\/02\/Missing-Tooth-in-Wilkes-Barre-PA-Mini-Implant-Dentist-Near-Me-280x280.jpg); border:0;\">\n                                \t\t\t\t\t\t\t<\/div>\n\t\t\t\t\t<\/div>\n\t\t\t\t<\/div>\n\t\t\t\t<div class=\"flex-col flex-grow\">\n\t\t\t\t\t  <a href=\"https:\/\/mintminidentalimplants.com\/es\/why-one-missing-tooth-can-disrupt-your-entire-smile\/\" title=\"Why One Missing Tooth Can Disrupt Your Entire Smile\">Why One Missing Tooth Can Disrupt Your Entire Smile<\/a>\n\t\t\t\t   \t  <span class=\"post_comments op-7 block is-xsmall\"><a href=\"https:\/\/mintminidentalimplants.com\/es\/why-one-missing-tooth-can-disrupt-your-entire-smile\/#respond\"><\/a><\/span>\n\t\t\t\t<\/div>\n\t\t\t<\/div>\n\t\t<\/li>\n\t\t\n\t\t\n\t\t<li class=\"recent-blog-posts-li\">\n\t\t\t<div class=\"flex-row recent-blog-posts align-top pt-half pb-half\">\n\t\t\t\t<div class=\"flex-col mr-half\">\n\t\t\t\t\t<div class=\"badge post-date  badge-outline\">\n\t\t\t\t\t\t\t<div class=\"badge-inner bg-fill\" style=\"background: url(https:\/\/mintminidentalimplants.com\/wp-content\/uploads\/2026\/02\/Loose-Dentures-in-Wilkes-Barre-PA-Mini-Implant-Dentist-Near-Me-280x280.jpg); border:0;\">\n                                \t\t\t\t\t\t\t<\/div>\n\t\t\t\t\t<\/div>\n\t\t\t\t<\/div>\n\t\t\t\t<div class=\"flex-col flex-grow\">\n\t\t\t\t\t  <a href=\"https:\/\/mintminidentalimplants.com\/es\/eliminate-loose-dentures-with-mini-dental-implants\/\" title=\"Eliminate Loose Dentures With Mini Dental Implants\">Eliminate Loose Dentures With Mini Dental Implants<\/a>\n\t\t\t\t   \t  <span class=\"post_comments op-7 block is-xsmall\"><a href=\"https:\/\/mintminidentalimplants.com\/es\/eliminate-loose-dentures-with-mini-dental-implants\/#respond\"><\/a><\/span>\n\t\t\t\t<\/div>\n\t\t\t<\/div>\n\t\t<\/li>\n\t\t\n\t\t\n\t\t<li class=\"recent-blog-posts-li\">\n\t\t\t<div class=\"flex-row recent-blog-posts align-top pt-half pb-half\">\n\t\t\t\t<div class=\"flex-col mr-half\">\n\t\t\t\t\t<div class=\"badge post-date  badge-outline\">\n\t\t\t\t\t\t\t<div class=\"badge-inner bg-fill\" style=\"background: url(https:\/\/mintminidentalimplants.com\/wp-content\/uploads\/2026\/02\/Same-Day-Dental-Implant-Care-in-Wilkes-Barre-PA-Call-Today-280x280.jpg); border:0;\">\n                                \t\t\t\t\t\t\t<\/div>\n\t\t\t\t\t<\/div>\n\t\t\t\t<\/div>\n\t\t\t\t<div class=\"flex-col flex-grow\">\n\t\t\t\t\t  <a href=\"https:\/\/mintminidentalimplants.com\/es\/same-day-dental-implant-treatment-understanding-the-process\/\" title=\"Same-Day Dental Implant Treatment: Understanding the Process\">Same-Day Dental Implant Treatment: Understanding the Process<\/a>\n\t\t\t\t   \t  <span class=\"post_comments op-7 block is-xsmall\"><a href=\"https:\/\/mintminidentalimplants.com\/es\/same-day-dental-implant-treatment-understanding-the-process\/#respond\"><\/a><\/span>\n\t\t\t\t<\/div>\n\t\t\t<\/div>\n\t\t<\/li>\n\t\t\n\t\t\n\t\t<li class=\"recent-blog-posts-li\">\n\t\t\t<div class=\"flex-row recent-blog-posts align-top pt-half pb-half\">\n\t\t\t\t<div class=\"flex-col mr-half\">\n\t\t\t\t\t<div class=\"badge post-date  badge-outline\">\n\t\t\t\t\t\t\t<div class=\"badge-inner bg-fill\" style=\"background: url(https:\/\/mintminidentalimplants.com\/wp-content\/uploads\/2024\/08\/Mini-Implant-Dentures-in-Allentown-PA-Mint-Mini-Dental-Implants-280x280.jpg); border:0;\">\n                                \t\t\t\t\t\t\t<\/div>\n\t\t\t\t\t<\/div>\n\t\t\t\t<\/div>\n\t\t\t\t<div class=\"flex-col flex-grow\">\n\t\t\t\t\t  <a href=\"https:\/\/mintminidentalimplants.com\/es\/mini-implant-dentures-in-allentown-pa\/\" title=\"Mini Implant Dentures in Allentown, PA\">Mini Implant Dentures in Allentown, PA<\/a>\n\t\t\t\t   \t  <span class=\"post_comments op-7 block is-xsmall\"><a href=\"https:\/\/mintminidentalimplants.com\/es\/mini-implant-dentures-in-allentown-pa\/#respond\"><\/a><\/span>\n\t\t\t\t<\/div>\n\t\t\t<\/div>\n\t\t<\/li>\n\t\t\n\t\t\n\t\t<li class=\"recent-blog-posts-li\">\n\t\t\t<div class=\"flex-row recent-blog-posts align-top pt-half pb-half\">\n\t\t\t\t<div class=\"flex-col mr-half\">\n\t\t\t\t\t<div class=\"badge post-date  badge-outline\">\n\t\t\t\t\t\t\t<div class=\"badge-inner bg-fill\" style=\"background: url(https:\/\/mintminidentalimplants.com\/wp-content\/uploads\/2026\/01\/What-Is-a-Floating-Denture-Implant-Dentures-in-Wilkes-Barre-PA-280x280.jpg); border:0;\">\n                                \t\t\t\t\t\t\t<\/div>\n\t\t\t\t\t<\/div>\n\t\t\t\t<\/div>\n\t\t\t\t<div class=\"flex-col flex-grow\">\n\t\t\t\t\t  <a href=\"https:\/\/mintminidentalimplants.com\/es\/what-is-a-floating-denture-a-video-guide\/\" title=\"What Is a Floating Denture? [A Video Guide]\">What Is a Floating Denture? [A Video Guide]<\/a>\n\t\t\t\t   \t  <span class=\"post_comments op-7 block is-xsmall\"><a href=\"https:\/\/mintminidentalimplants.com\/es\/what-is-a-floating-denture-a-video-guide\/#respond\"><\/a><\/span>\n\t\t\t\t<\/div>\n\t\t\t<\/div>\n\t\t<\/li>\n\t\t\t\t<\/ul>\t\t<\/aside><aside id=\"text-16\" class=\"widget widget_text\">\t\t\t<div class=\"textwidget\"><div data-bid=\"117377\" data-url=\"https:\/\/rb.whitespark.ca\"><script src=\"https:\/\/widget.reviewability.com\/js\/badgeAdv.min.js\" async><\/script><\/div>\n<p><script class=\"json-ld-content\" type=\"application\/ld+json\"><\/script><\/p>\n<\/div>\n\t\t<\/aside><\/ul>\n\t\t<\/div>\n\t\t\t\t\t<\/div>\n\n\t\n<\/div>\n","protected":false},"excerpt":{"rendered":"","protected":false},"author":4,"featured_media":400,"parent":0,"menu_order":0,"comment_status":"closed","ping_status":"closed","template":"","meta":{"rop_custom_images_group":[],"rop_custom_messages_group":[],"rop_publish_now":"initial","rop_publish_now_accounts":{"gmb_109265489736877664202_accounts\/109265489736877664202\/locations\/11862547582907344670":"","twitter_1748427406644215808_1748427406644215808":"","facebook_777675450006584_143517962349719":""},"rop_publish_now_history":[],"rop_publish_now_status":"pending","footnotes":""},"class_list":["post-345","page","type-page","status-publish","has-post-thumbnail","hentry"],"yoast_head":"<!-- This site is optimized with the Yoast SEO plugin v27.1.1 - https:\/\/yoast.com\/product\/yoast-seo-wordpress\/ -->\n<title>Computerized Novocaine System | Wilkes-Barre, PA | Dr. Coolican<\/title>\n<meta name=\"description\" content=\"The Wand is essentially a computer-controlled dental injection. The flow rate of the local anesthetic is controlled by a computer.\" \/>\n<meta name=\"robots\" content=\"index, follow, max-snippet:-1, max-image-preview:large, max-video-preview:-1\" \/>\n<link rel=\"canonical\" href=\"https:\/\/mintminidentalimplants.com\/es\/sistema-informatizado-de-novocaina-en-wilkes-barre-pa\/\" \/>\n<meta property=\"og:locale\" content=\"es_MX\" \/>\n<meta property=\"og:type\" content=\"article\" \/>\n<meta property=\"og:title\" content=\"Computerized Novocaine System | Wilkes-Barre, PA | Dr. Coolican\" \/>\n<meta property=\"og:description\" content=\"The Wand is essentially a computer-controlled dental injection. The flow rate of the local anesthetic is controlled by a computer.\" \/>\n<meta property=\"og:url\" content=\"https:\/\/mintminidentalimplants.com\/es\/sistema-informatizado-de-novocaina-en-wilkes-barre-pa\/\" \/>\n<meta property=\"og:site_name\" content=\"Mint Mini Dental Implants - John Coolican, DMD\" \/>\n<meta property=\"article:publisher\" content=\"https:\/\/www.facebook.com\/MintMiniDentalImplants\/\" \/>\n<meta property=\"article:modified_time\" content=\"2023-09-18T22:12:41+00:00\" \/>\n<meta property=\"og:image\" content=\"https:\/\/mintminidentalimplants.com\/wp-content\/uploads\/2023\/06\/CompuDent-SDTA-Wand-1-e1688065436840.png\" \/>\n\t<meta property=\"og:image:width\" content=\"300\" \/>\n\t<meta property=\"og:image:height\" content=\"320\" \/>\n\t<meta property=\"og:image:type\" content=\"image\/png\" \/>\n<meta name=\"twitter:card\" content=\"summary_large_image\" \/>\n<meta name=\"twitter:label1\" content=\"Tiempo de lectura\" \/>\n\t<meta name=\"twitter:data1\" content=\"3 minutos\" \/>\n<script type=\"application\/ld+json\" class=\"yoast-schema-graph\">{\"@context\":\"https:\/\/schema.org\",\"@graph\":[{\"@type\":\"WebPage\",\"@id\":\"https:\/\/mintminidentalimplants.com\/computerized-novocaine-system-in-wilkes-barre-pa\/\",\"url\":\"https:\/\/mintminidentalimplants.com\/computerized-novocaine-system-in-wilkes-barre-pa\/\",\"name\":\"Computerized Novocaine System | Wilkes-Barre, PA | Dr. Coolican\",\"isPartOf\":{\"@id\":\"\/#website\"},\"primaryImageOfPage\":{\"@id\":\"https:\/\/mintminidentalimplants.com\/computerized-novocaine-system-in-wilkes-barre-pa\/#primaryimage\"},\"image\":{\"@id\":\"https:\/\/mintminidentalimplants.com\/computerized-novocaine-system-in-wilkes-barre-pa\/#primaryimage\"},\"thumbnailUrl\":\"https:\/\/mintminidentalimplants.com\/wp-content\/uploads\/2023\/06\/CompuDent-SDTA-Wand-1-e1688065436840.png\",\"datePublished\":\"2023-06-20T16:42:47+00:00\",\"dateModified\":\"2023-09-18T22:12:41+00:00\",\"description\":\"The Wand is essentially a computer-controlled dental injection. The flow rate of the local anesthetic is controlled by a computer.\",\"breadcrumb\":{\"@id\":\"https:\/\/mintminidentalimplants.com\/computerized-novocaine-system-in-wilkes-barre-pa\/#breadcrumb\"},\"inLanguage\":\"es\",\"potentialAction\":[{\"@type\":\"ReadAction\",\"target\":[\"https:\/\/mintminidentalimplants.com\/computerized-novocaine-system-in-wilkes-barre-pa\/\"]}]},{\"@type\":\"ImageObject\",\"inLanguage\":\"es\",\"@id\":\"https:\/\/mintminidentalimplants.com\/computerized-novocaine-system-in-wilkes-barre-pa\/#primaryimage\",\"url\":\"https:\/\/mintminidentalimplants.com\/wp-content\/uploads\/2023\/06\/CompuDent-SDTA-Wand-1-e1688065436840.png\",\"contentUrl\":\"https:\/\/mintminidentalimplants.com\/wp-content\/uploads\/2023\/06\/CompuDent-SDTA-Wand-1-e1688065436840.png\",\"width\":300,\"height\":320,\"caption\":\"Computerized Novocaine System | Wilkes-Barre, PA | Dr. Coolican\"},{\"@type\":\"BreadcrumbList\",\"@id\":\"https:\/\/mintminidentalimplants.com\/computerized-novocaine-system-in-wilkes-barre-pa\/#breadcrumb\",\"itemListElement\":[{\"@type\":\"ListItem\",\"position\":1,\"name\":\"Home\",\"item\":\"https:\/\/mintminidentalimplants.com\/\"},{\"@type\":\"ListItem\",\"position\":2,\"name\":\"Computerized Novocaine System in Wilkes-Barre, PA\"}]},{\"@type\":\"WebSite\",\"@id\":\"\/#website\",\"url\":\"\/\",\"name\":\"Mint Mini Dental Implants - John Coolican, DMD\",\"description\":\"Mini Dental Implants in Wilkes-Barre, PA\",\"publisher\":{\"@id\":\"\/#organization\"},\"potentialAction\":[{\"@type\":\"SearchAction\",\"target\":{\"@type\":\"EntryPoint\",\"urlTemplate\":\"\/?s={search_term_string}\"},\"query-input\":{\"@type\":\"PropertyValueSpecification\",\"valueRequired\":true,\"valueName\":\"search_term_string\"}}],\"inLanguage\":\"es\"},{\"@type\":\"Organization\",\"@id\":\"\/#organization\",\"name\":\"Mint Mini Dental Implants - John Coolican, DMD\",\"url\":\"\/\",\"logo\":{\"@type\":\"ImageObject\",\"inLanguage\":\"es\",\"@id\":\"\/#\/schema\/logo\/image\/\",\"url\":\"https:\/\/mintminidentalimplants.com\/wp-content\/uploads\/2023\/09\/Mint-Mini-Dental-Implants.png\",\"contentUrl\":\"https:\/\/mintminidentalimplants.com\/wp-content\/uploads\/2023\/09\/Mint-Mini-Dental-Implants.png\",\"width\":800,\"height\":494,\"caption\":\"Mint Mini Dental Implants - John Coolican, DMD\"},\"image\":{\"@id\":\"\/#\/schema\/logo\/image\/\"},\"sameAs\":[\"https:\/\/www.facebook.com\/MintMiniDentalImplants\/\",\"https:\/\/www.youtube.com\/@johncoolicandmd-mintminide827\"]}]}<\/script>\n<!-- \/ Yoast SEO plugin. -->","yoast_head_json":{"title":"Sistema computarizado de novoca\u00edna | Wilkes-Barre, PA | Dr. Coolican","description":"El Wand es esencialmente una inyecci\u00f3n dental controlada por ordenador. El flujo del anest\u00e9sico local se controla por ordenador.","robots":{"index":"index","follow":"follow","max-snippet":"max-snippet:-1","max-image-preview":"max-image-preview:large","max-video-preview":"max-video-preview:-1"},"canonical":"https:\/\/mintminidentalimplants.com\/es\/sistema-informatizado-de-novocaina-en-wilkes-barre-pa\/","og_locale":"es_MX","og_type":"article","og_title":"Computerized Novocaine System | Wilkes-Barre, PA | Dr. Coolican","og_description":"The Wand is essentially a computer-controlled dental injection. The flow rate of the local anesthetic is controlled by a computer.","og_url":"https:\/\/mintminidentalimplants.com\/es\/sistema-informatizado-de-novocaina-en-wilkes-barre-pa\/","og_site_name":"Mint Mini Dental Implants - John Coolican, DMD","article_publisher":"https:\/\/www.facebook.com\/MintMiniDentalImplants\/","article_modified_time":"2023-09-18T22:12:41+00:00","og_image":[{"width":300,"height":320,"url":"https:\/\/mintminidentalimplants.com\/wp-content\/uploads\/2023\/06\/CompuDent-SDTA-Wand-1-e1688065436840.png","type":"image\/png"}],"twitter_card":"summary_large_image","twitter_misc":{"Tiempo de lectura":"3 minutos"},"schema":{"@context":"https:\/\/schema.org","@graph":[{"@type":"WebPage","@id":"https:\/\/mintminidentalimplants.com\/computerized-novocaine-system-in-wilkes-barre-pa\/","url":"https:\/\/mintminidentalimplants.com\/computerized-novocaine-system-in-wilkes-barre-pa\/","name":"Sistema computarizado de novoca\u00edna | Wilkes-Barre, PA | Dr. Coolican","isPartOf":{"@id":"\/#website"},"primaryImageOfPage":{"@id":"https:\/\/mintminidentalimplants.com\/computerized-novocaine-system-in-wilkes-barre-pa\/#primaryimage"},"image":{"@id":"https:\/\/mintminidentalimplants.com\/computerized-novocaine-system-in-wilkes-barre-pa\/#primaryimage"},"thumbnailUrl":"https:\/\/mintminidentalimplants.com\/wp-content\/uploads\/2023\/06\/CompuDent-SDTA-Wand-1-e1688065436840.png","datePublished":"2023-06-20T16:42:47+00:00","dateModified":"2023-09-18T22:12:41+00:00","description":"El Wand es esencialmente una inyecci\u00f3n dental controlada por ordenador. El flujo del anest\u00e9sico local se controla por ordenador.","breadcrumb":{"@id":"https:\/\/mintminidentalimplants.com\/computerized-novocaine-system-in-wilkes-barre-pa\/#breadcrumb"},"inLanguage":"es","potentialAction":[{"@type":"ReadAction","target":["https:\/\/mintminidentalimplants.com\/computerized-novocaine-system-in-wilkes-barre-pa\/"]}]},{"@type":"ImageObject","inLanguage":"es","@id":"https:\/\/mintminidentalimplants.com\/computerized-novocaine-system-in-wilkes-barre-pa\/#primaryimage","url":"https:\/\/mintminidentalimplants.com\/wp-content\/uploads\/2023\/06\/CompuDent-SDTA-Wand-1-e1688065436840.png","contentUrl":"https:\/\/mintminidentalimplants.com\/wp-content\/uploads\/2023\/06\/CompuDent-SDTA-Wand-1-e1688065436840.png","width":300,"height":320,"caption":"Computerized Novocaine System | Wilkes-Barre, PA | Dr. Coolican"},{"@type":"BreadcrumbList","@id":"https:\/\/mintminidentalimplants.com\/computerized-novocaine-system-in-wilkes-barre-pa\/#breadcrumb","itemListElement":[{"@type":"ListItem","position":1,"name":"Home","item":"https:\/\/mintminidentalimplants.com\/"},{"@type":"ListItem","position":2,"name":"Computerized Novocaine System in Wilkes-Barre, PA"}]},{"@type":"WebSite","@id":"\/#website","url":"\/","name":"Mini Implantes Dentales Mint - John Coolican, DMD","description":"Mini Implantes Dentales en Wilkes-Barre, PA","publisher":{"@id":"\/#organization"},"potentialAction":[{"@type":"SearchAction","target":{"@type":"EntryPoint","urlTemplate":"\/?s={search_term_string}"},"query-input":{"@type":"PropertyValueSpecification","valueRequired":true,"valueName":"search_term_string"}}],"inLanguage":"es"},{"@type":"Organization","@id":"\/#organization","name":"Mini Implantes Dentales Mint - John Coolican, DMD","url":"\/","logo":{"@type":"ImageObject","inLanguage":"es","@id":"\/#\/schema\/logo\/image\/","url":"https:\/\/mintminidentalimplants.com\/wp-content\/uploads\/2023\/09\/Mint-Mini-Dental-Implants.png","contentUrl":"https:\/\/mintminidentalimplants.com\/wp-content\/uploads\/2023\/09\/Mint-Mini-Dental-Implants.png","width":800,"height":494,"caption":"Mint Mini Dental Implants - John Coolican, DMD"},"image":{"@id":"\/#\/schema\/logo\/image\/"},"sameAs":["https:\/\/www.facebook.com\/MintMiniDentalImplants\/","https:\/\/www.youtube.com\/@johncoolicandmd-mintminide827"]}]}},"_links":{"self":[{"href":"https:\/\/mintminidentalimplants.com\/es\/wp-json\/wp\/v2\/pages\/345","targetHints":{"allow":["GET"]}}],"collection":[{"href":"https:\/\/mintminidentalimplants.com\/es\/wp-json\/wp\/v2\/pages"}],"about":[{"href":"https:\/\/mintminidentalimplants.com\/es\/wp-json\/wp\/v2\/types\/page"}],"author":[{"embeddable":true,"href":"https:\/\/mintminidentalimplants.com\/es\/wp-json\/wp\/v2\/users\/4"}],"replies":[{"embeddable":true,"href":"https:\/\/mintminidentalimplants.com\/es\/wp-json\/wp\/v2\/comments?post=345"}],"version-history":[{"count":0,"href":"https:\/\/mintminidentalimplants.com\/es\/wp-json\/wp\/v2\/pages\/345\/revisions"}],"wp:featuredmedia":[{"embeddable":true,"href":"https:\/\/mintminidentalimplants.com\/es\/wp-json\/wp\/v2\/media\/400"}],"wp:attachment":[{"href":"https:\/\/mintminidentalimplants.com\/es\/wp-json\/wp\/v2\/media?parent=345"}],"curies":[{"name":"wp","href":"https:\/\/api.w.org\/{rel}","templated":true}]}}