{"id":337,"date":"2023-06-20T12:40:56","date_gmt":"2023-06-20T16:40:56","guid":{"rendered":"https:\/\/mintminidentalimplants.com\/?page_id=337"},"modified":"2023-09-18T18:20:27","modified_gmt":"2023-09-18T22:20:27","slug":"camara-intraoral-en-wilkes-barre-pa","status":"publish","type":"page","link":"https:\/\/mintminidentalimplants.com\/es\/intraoral-camera-in-wilkes-barre-pa\/","title":{"rendered":"C\u00e1mara intraoral en Wilkes-Barre, PA"},"content":{"rendered":"<div class=\"row\"  id=\"row-1421727847\">\n\n\t<div id=\"col-704969776\" class=\"col medium-8 small-12 large-8\"  >\n\t\t\t\t<div class=\"col-inner\"  >\n\t\t\t\n\t\t\t\n<h1>Intraoral Camera<\/h1>\n<p>In a nutshell, an intraoral camera is a small video camera that takes an X-ray of the outside of the gum or tooth. The intraoral camera resembles an oversized pen and although usage varies depending on the model-type, this image-taking device is typically outfitted with a disposable protective sheath for each new patient. While simultaneously viewing a monitor, the dentist inserts the camera into a patient\u2019s mouth and gently shifts it about so that images can be taken from a variety of angles.<\/p>\n<p><img loading=\"lazy\" decoding=\"async\" class=\"wp-image-1122 alignright\" src=\" https:\/\/mintminidentalimplants.com\/wp-content\/uploads\/2023\/09\/Intraoral-Camera-Mint-Mini-Dental-Implants.jpg\" alt=\"Intraoral-Camera-Mint-Mini-Dental-Implants\" width=\"411\" height=\"268\" \/>First used in the early 1990s, the intraoral camera is still a relatively new piece of dental equipment. Not so long ago, only a handful within the dental community used this tiny camera to take pictures of the teeth and gums. Today, use of the intraoral camera is widespread. For those dentists who do use this device, the intraoral camera has been, and continues to be, extremely handy both in diagnosing dental conditions such as tooth decay and cracked teeth and in educating you, the patient.<\/p>\n<h2>Show &amp; Tell<\/h2>\n<p>It\u2019s not difficult to understand why many patients have misgivings about dental diagnoses that aren\u2019t accompanied by pain or any visual cues that the naked eye can see. Since the intraoral camera is used in tandem with a computer screen or television monitor, your dentist can easily show you, in real-time, if you have a fractured tooth need gum disease treatment. In the case of the intraoral camera, a picture may be worth more than a thousand words!<\/p>\n<p>The intraoral camera is especially useful during dental restoration procedures. For example, if you were to have an amalgam tooth filling replaced with a composite resin filling, your dentist could use the intraoral camera to take \u201cbefore and after\u201d pictures and display the results simultaneously for you to see!<\/p>\n<p>In addition to being a great diagnostic tool, the intraoral camera is a fantastic educational aid. Instead of merely explaining to you what\u2019s happening inside your mouth, your dentist can actually show you. And, unlike conventional X-ray images that require processing time, there is no development time associated with intraoral cameras: The immediately available images that this tool renders can be a great time-saver for both you and your dentist.<\/p>\n<h2>Saves Time &amp; Trees<\/h2>\n<p>Time-savings that come with the intraoral camera are especially noticeable when your dentist needs to take several X-rays at one time. Intraoral camera images are easy to re-take, print and duplicate. Printouts can be sent to dental insurance companies to strengthen claims, a benefit shared by you and your dentist. In fact, these images are so useful that some insurance companies now accept images via e-mail; the reduced paper trail cuts down on claim-processing time and is an environmentally friendly option as well.<\/p>\n\t\t<\/div>\n\t\t\t\t\t<\/div>\n\n\t\n\n\t<div id=\"col-1047437434\" class=\"col medium-4 small-12 large-4\"  >\n\t\t\t\t<div class=\"col-inner\"  >\n\t\t\t\n\t\t\t\n<ul class=\"sidebar-wrapper ul-reset\"><aside id=\"text-15\" class=\"widget widget_text\">\t\t\t<div class=\"textwidget\"><p><a href=\"\/videos\/\"><img loading=\"lazy\" decoding=\"async\" class=\"alignnone size-full wp-image-1185\" src=\"https:\/\/mintminidentalimplants.com\/wp-content\/uploads\/2023\/09\/video-library-button.png\" alt=\"\" width=\"600\" height=\"172\" \/><\/a><\/p>\n<\/div>\n\t\t<\/aside><aside id=\"text-13\" class=\"widget widget_text\">\t\t\t<div class=\"textwidget\"><div class=\"wpcf7 no-js\" id=\"wpcf7-f9-o1\" lang=\"en-US\" dir=\"ltr\" data-wpcf7-id=\"9\">\n<div class=\"screen-reader-response\">\n<p role=\"status\" aria-live=\"polite\" aria-atomic=\"true\">\n<ul><\/ul>\n<\/div>\n<form action=\"\/es\/wp-json\/wp\/v2\/pages\/337#wpcf7-f9-o1\" method=\"post\" class=\"wpcf7-form init cf7mls-no-scroll cf7mls-no-moving-animation\" aria-label=\"Contact form\" novalidate=\"novalidate\" data-status=\"init\">\n<fieldset class=\"hidden-fields-container\"><input type=\"hidden\" name=\"_wpcf7\" value=\"9\" \/><input type=\"hidden\" name=\"_wpcf7_version\" value=\"6.1.5\" \/><input type=\"hidden\" name=\"_wpcf7_locale\" value=\"en_US\" \/><input type=\"hidden\" name=\"_wpcf7_unit_tag\" value=\"wpcf7-f9-o1\" \/><input type=\"hidden\" name=\"_wpcf7_container_post\" value=\"0\" \/><input type=\"hidden\" name=\"_wpcf7_posted_data_hash\" value=\"\" \/><input type=\"hidden\" name=\"_wpcf7cf_hidden_group_fields\" value=\"[]\" \/><input type=\"hidden\" name=\"_wpcf7cf_hidden_groups\" value=\"[]\" \/><input type=\"hidden\" name=\"_wpcf7cf_visible_groups\" value=\"[]\" \/><input type=\"hidden\" name=\"_wpcf7cf_repeaters\" value=\"[]\" \/><input type=\"hidden\" name=\"_wpcf7cf_steps\" value=\"{}\" \/><input type=\"hidden\" name=\"_wpcf7cf_options\" value=\"{&quot;form_id&quot;:9,&quot;conditions&quot;:[],&quot;settings&quot;:{&quot;animation&quot;:&quot;yes&quot;,&quot;animation_intime&quot;:200,&quot;animation_outtime&quot;:200,&quot;conditions_ui&quot;:&quot;normal&quot;,&quot;notice_dismissed&quot;:false,&quot;notice_dismissed_rollback-cf7-5.8&quot;:true}}\" \/><br \/>\n<\/fieldset>\n<p><center><\/p>\n<h3>FREE CONSULTATION<br \/>\n\t<\/h3>\n<p><\/center><\/p>\n<hr \/>\n<p><center><\/p>\n<p><span class=\"wpcf7-form-control-wrap\" data-name=\"your-name\"><input size=\"40\" maxlength=\"400\" class=\"wpcf7-form-control wpcf7-text wpcf7-validates-as-required\" aria-required=\"true\" aria-invalid=\"false\" placeholder=\"Name\" value=\"\" type=\"text\" name=\"your-name\" \/><\/span>\n\t<\/p>\n<p><span class=\"wpcf7-form-control-wrap\" data-name=\"your-email\"><input size=\"40\" maxlength=\"400\" class=\"wpcf7-form-control wpcf7-email wpcf7-validates-as-required wpcf7-text wpcf7-validates-as-email\" aria-required=\"true\" aria-invalid=\"false\" placeholder=\"Email\" value=\"\" type=\"email\" name=\"your-email\" \/><\/span>\n\t<\/p>\n<p><span class=\"wpcf7-form-control-wrap\" data-name=\"tel-545\"><input size=\"40\" maxlength=\"400\" class=\"wpcf7-form-control wpcf7-tel wpcf7-text wpcf7-validates-as-tel\" aria-invalid=\"false\" placeholder=\"Your Phone Number\" value=\"\" type=\"tel\" name=\"tel-545\" \/><\/span>\n\t<\/p>\n<p><span class=\"wpcf7-form-control-wrap\" data-name=\"your-message\"><textarea cols=\"40\" rows=\"10\" maxlength=\"2000\" class=\"wpcf7-form-control wpcf7-textarea\" aria-invalid=\"false\" placeholder=\"How Can We Help?\" name=\"your-message\"><\/textarea><\/span>\n\t<\/p>\n<p><input class=\"wpcf7-form-control wpcf7-submit has-spinner button\" type=\"submit\" value=\"Submit Request\" \/>\n\t<\/p>\n<p><span style=\"display: block; width: 100%;\"><br \/>\n<button class=\"btn-tap-text\" type=\"button\" data-pid=\"f31c2955\" data-source=\"iQRc\u2122 Nexstar\" data-bizunit=\"WBRE\" data-type=\"link\" data-mediaformat=\"source: Website Link - Tap To Text Button\" data-clientlabel=\"Mint Mini Dental Implant Center\" data-offer=\"offer: Free Consultation\" style=\"background-color: #3f4040; color: white; width: 100%; padding: 2px; border: none; cursor: pointer;\"><br \/>\nTap To Text Us<br \/>\n<\/button><br \/>\n<\/span>\n\t<\/p>\n<p><\/center><input\n                    class=\"apbct_special_field apbct_email_id__wp_contact_form_7\"\n                    name=\"apbct__email_id__wp_contact_form_7\"\n                    aria-label=\"apbct__label_id__wp_contact_form_7\"\n                    type=\"text\" size=\"30\" maxlength=\"200\" autocomplete=\"off\"\n                    value=\"\"\n                \/><\/p>\n<div class=\"wpcf7-response-output\" aria-hidden=\"true\"><\/div>\n<\/form>\n<\/div>\n<\/div>\n\t\t<\/aside>\t\t<aside id=\"flatsome_recent_posts-17\" class=\"widget flatsome_recent_posts\">\t\t<span class=\"widget-title \"><span>Latest Posts<\/span><\/span><div class=\"is-divider small\"><\/div>\t\t<ul>\t\t\n\t\t\n\t\t<li class=\"recent-blog-posts-li\">\n\t\t\t<div class=\"flex-row recent-blog-posts align-top pt-half pb-half\">\n\t\t\t\t<div class=\"flex-col mr-half\">\n\t\t\t\t\t<div class=\"badge post-date  badge-outline\">\n\t\t\t\t\t\t\t<div class=\"badge-inner bg-fill\" style=\"background: url(https:\/\/mintminidentalimplants.com\/wp-content\/uploads\/2026\/02\/Missing-Tooth-in-Wilkes-Barre-PA-Mini-Implant-Dentist-Near-Me-280x280.jpg); border:0;\">\n                                \t\t\t\t\t\t\t<\/div>\n\t\t\t\t\t<\/div>\n\t\t\t\t<\/div>\n\t\t\t\t<div class=\"flex-col flex-grow\">\n\t\t\t\t\t  <a href=\"https:\/\/mintminidentalimplants.com\/es\/why-one-missing-tooth-can-disrupt-your-entire-smile\/\" title=\"Why One Missing Tooth Can Disrupt Your Entire Smile\">Why One Missing Tooth Can Disrupt Your Entire Smile<\/a>\n\t\t\t\t   \t  <span class=\"post_comments op-7 block is-xsmall\"><a href=\"https:\/\/mintminidentalimplants.com\/es\/why-one-missing-tooth-can-disrupt-your-entire-smile\/#respond\"><\/a><\/span>\n\t\t\t\t<\/div>\n\t\t\t<\/div>\n\t\t<\/li>\n\t\t\n\t\t\n\t\t<li class=\"recent-blog-posts-li\">\n\t\t\t<div class=\"flex-row recent-blog-posts align-top pt-half pb-half\">\n\t\t\t\t<div class=\"flex-col mr-half\">\n\t\t\t\t\t<div class=\"badge post-date  badge-outline\">\n\t\t\t\t\t\t\t<div class=\"badge-inner bg-fill\" style=\"background: url(https:\/\/mintminidentalimplants.com\/wp-content\/uploads\/2026\/02\/Loose-Dentures-in-Wilkes-Barre-PA-Mini-Implant-Dentist-Near-Me-280x280.jpg); border:0;\">\n                                \t\t\t\t\t\t\t<\/div>\n\t\t\t\t\t<\/div>\n\t\t\t\t<\/div>\n\t\t\t\t<div class=\"flex-col flex-grow\">\n\t\t\t\t\t  <a href=\"https:\/\/mintminidentalimplants.com\/es\/eliminate-loose-dentures-with-mini-dental-implants\/\" title=\"Eliminate Loose Dentures With Mini Dental Implants\">Eliminate Loose Dentures With Mini Dental Implants<\/a>\n\t\t\t\t   \t  <span class=\"post_comments op-7 block is-xsmall\"><a href=\"https:\/\/mintminidentalimplants.com\/es\/eliminate-loose-dentures-with-mini-dental-implants\/#respond\"><\/a><\/span>\n\t\t\t\t<\/div>\n\t\t\t<\/div>\n\t\t<\/li>\n\t\t\n\t\t\n\t\t<li class=\"recent-blog-posts-li\">\n\t\t\t<div class=\"flex-row recent-blog-posts align-top pt-half pb-half\">\n\t\t\t\t<div class=\"flex-col mr-half\">\n\t\t\t\t\t<div class=\"badge post-date  badge-outline\">\n\t\t\t\t\t\t\t<div class=\"badge-inner bg-fill\" style=\"background: url(https:\/\/mintminidentalimplants.com\/wp-content\/uploads\/2026\/02\/Same-Day-Dental-Implant-Care-in-Wilkes-Barre-PA-Call-Today-280x280.jpg); border:0;\">\n                                \t\t\t\t\t\t\t<\/div>\n\t\t\t\t\t<\/div>\n\t\t\t\t<\/div>\n\t\t\t\t<div class=\"flex-col flex-grow\">\n\t\t\t\t\t  <a href=\"https:\/\/mintminidentalimplants.com\/es\/same-day-dental-implant-treatment-understanding-the-process\/\" title=\"Same-Day Dental Implant Treatment: Understanding the Process\">Same-Day Dental Implant Treatment: Understanding the Process<\/a>\n\t\t\t\t   \t  <span class=\"post_comments op-7 block is-xsmall\"><a href=\"https:\/\/mintminidentalimplants.com\/es\/same-day-dental-implant-treatment-understanding-the-process\/#respond\"><\/a><\/span>\n\t\t\t\t<\/div>\n\t\t\t<\/div>\n\t\t<\/li>\n\t\t\n\t\t\n\t\t<li class=\"recent-blog-posts-li\">\n\t\t\t<div class=\"flex-row recent-blog-posts align-top pt-half pb-half\">\n\t\t\t\t<div class=\"flex-col mr-half\">\n\t\t\t\t\t<div class=\"badge post-date  badge-outline\">\n\t\t\t\t\t\t\t<div class=\"badge-inner bg-fill\" style=\"background: url(https:\/\/mintminidentalimplants.com\/wp-content\/uploads\/2024\/08\/Mini-Implant-Dentures-in-Allentown-PA-Mint-Mini-Dental-Implants-280x280.jpg); border:0;\">\n                                \t\t\t\t\t\t\t<\/div>\n\t\t\t\t\t<\/div>\n\t\t\t\t<\/div>\n\t\t\t\t<div class=\"flex-col flex-grow\">\n\t\t\t\t\t  <a href=\"https:\/\/mintminidentalimplants.com\/es\/mini-implant-dentures-in-allentown-pa\/\" title=\"Mini Implant Dentures in Allentown, PA\">Mini Implant Dentures in Allentown, PA<\/a>\n\t\t\t\t   \t  <span class=\"post_comments op-7 block is-xsmall\"><a href=\"https:\/\/mintminidentalimplants.com\/es\/mini-implant-dentures-in-allentown-pa\/#respond\"><\/a><\/span>\n\t\t\t\t<\/div>\n\t\t\t<\/div>\n\t\t<\/li>\n\t\t\n\t\t\n\t\t<li class=\"recent-blog-posts-li\">\n\t\t\t<div class=\"flex-row recent-blog-posts align-top pt-half pb-half\">\n\t\t\t\t<div class=\"flex-col mr-half\">\n\t\t\t\t\t<div class=\"badge post-date  badge-outline\">\n\t\t\t\t\t\t\t<div class=\"badge-inner bg-fill\" style=\"background: url(https:\/\/mintminidentalimplants.com\/wp-content\/uploads\/2026\/01\/What-Is-a-Floating-Denture-Implant-Dentures-in-Wilkes-Barre-PA-280x280.jpg); border:0;\">\n                                \t\t\t\t\t\t\t<\/div>\n\t\t\t\t\t<\/div>\n\t\t\t\t<\/div>\n\t\t\t\t<div class=\"flex-col flex-grow\">\n\t\t\t\t\t  <a href=\"https:\/\/mintminidentalimplants.com\/es\/what-is-a-floating-denture-a-video-guide\/\" title=\"What Is a Floating Denture? [A Video Guide]\">What Is a Floating Denture? [A Video Guide]<\/a>\n\t\t\t\t   \t  <span class=\"post_comments op-7 block is-xsmall\"><a href=\"https:\/\/mintminidentalimplants.com\/es\/what-is-a-floating-denture-a-video-guide\/#respond\"><\/a><\/span>\n\t\t\t\t<\/div>\n\t\t\t<\/div>\n\t\t<\/li>\n\t\t\t\t<\/ul>\t\t<\/aside><aside id=\"text-16\" class=\"widget widget_text\">\t\t\t<div class=\"textwidget\"><div data-bid=\"117377\" data-url=\"https:\/\/rb.whitespark.ca\"><script src=\"https:\/\/widget.reviewability.com\/js\/badgeAdv.min.js\" async><\/script><\/div>\n<p><script class=\"json-ld-content\" type=\"application\/ld+json\"><\/script><\/p>\n<\/div>\n\t\t<\/aside><\/ul>\n\t\t<\/div>\n\t\t\t\t\t<\/div>\n\n\t\n<\/div>\n","protected":false},"excerpt":{"rendered":"","protected":false},"author":4,"featured_media":410,"parent":0,"menu_order":0,"comment_status":"closed","ping_status":"closed","template":"","meta":{"rop_custom_images_group":[],"rop_custom_messages_group":[],"rop_publish_now":"initial","rop_publish_now_accounts":{"gmb_109265489736877664202_accounts\/109265489736877664202\/locations\/11862547582907344670":"","twitter_1748427406644215808_1748427406644215808":"","facebook_777675450006584_143517962349719":""},"rop_publish_now_history":[],"rop_publish_now_status":"pending","footnotes":""},"class_list":["post-337","page","type-page","status-publish","has-post-thumbnail","hentry"],"yoast_head":"<!-- This site is optimized with the Yoast SEO plugin v27.1.1 - https:\/\/yoast.com\/product\/yoast-seo-wordpress\/ -->\n<title>Intraoral Camera | Preventative Dentistry in Wilkes-Barre, PA<\/title>\n<meta name=\"description\" content=\"In a nutshell, an intraoral camera is a small video camera that takes an X-ray of the outside of the gum or tooth.\" \/>\n<meta name=\"robots\" content=\"index, follow, max-snippet:-1, max-image-preview:large, max-video-preview:-1\" \/>\n<link rel=\"canonical\" href=\"https:\/\/mintminidentalimplants.com\/es\/camara-intraoral-en-wilkes-barre-pa\/\" \/>\n<meta property=\"og:locale\" content=\"es_MX\" \/>\n<meta property=\"og:type\" content=\"article\" \/>\n<meta property=\"og:title\" content=\"Intraoral Camera | Preventative Dentistry in Wilkes-Barre, PA\" \/>\n<meta property=\"og:description\" content=\"In a nutshell, an intraoral camera is a small video camera that takes an X-ray of the outside of the gum or tooth.\" \/>\n<meta property=\"og:url\" content=\"https:\/\/mintminidentalimplants.com\/es\/camara-intraoral-en-wilkes-barre-pa\/\" \/>\n<meta property=\"og:site_name\" content=\"Mint Mini Dental Implants - John Coolican, DMD\" \/>\n<meta property=\"article:publisher\" content=\"https:\/\/www.facebook.com\/MintMiniDentalImplants\/\" \/>\n<meta property=\"article:modified_time\" content=\"2023-09-18T22:20:27+00:00\" \/>\n<meta property=\"og:image\" content=\"https:\/\/mintminidentalimplants.com\/wp-content\/uploads\/2023\/06\/Intraoral-Camera-Preventative-Dentistry-in-Wilkes-Barre-PA.jpg\" \/>\n\t<meta property=\"og:image:width\" content=\"500\" \/>\n\t<meta property=\"og:image:height\" content=\"334\" \/>\n\t<meta property=\"og:image:type\" content=\"image\/jpeg\" \/>\n<meta name=\"twitter:card\" content=\"summary_large_image\" \/>\n<meta name=\"twitter:label1\" content=\"Tiempo de lectura\" \/>\n\t<meta name=\"twitter:data1\" content=\"2 minutos\" \/>\n<script type=\"application\/ld+json\" class=\"yoast-schema-graph\">{\"@context\":\"https:\/\/schema.org\",\"@graph\":[{\"@type\":\"WebPage\",\"@id\":\"https:\/\/mintminidentalimplants.com\/intraoral-camera-in-wilkes-barre-pa\/\",\"url\":\"https:\/\/mintminidentalimplants.com\/intraoral-camera-in-wilkes-barre-pa\/\",\"name\":\"Intraoral Camera | Preventative Dentistry in Wilkes-Barre, PA\",\"isPartOf\":{\"@id\":\"\/#website\"},\"primaryImageOfPage\":{\"@id\":\"https:\/\/mintminidentalimplants.com\/intraoral-camera-in-wilkes-barre-pa\/#primaryimage\"},\"image\":{\"@id\":\"https:\/\/mintminidentalimplants.com\/intraoral-camera-in-wilkes-barre-pa\/#primaryimage\"},\"thumbnailUrl\":\"https:\/\/mintminidentalimplants.com\/wp-content\/uploads\/2023\/06\/Intraoral-Camera-Preventative-Dentistry-in-Wilkes-Barre-PA.jpg\",\"datePublished\":\"2023-06-20T16:40:56+00:00\",\"dateModified\":\"2023-09-18T22:20:27+00:00\",\"description\":\"In a nutshell, an intraoral camera is a small video camera that takes an X-ray of the outside of the gum or tooth.\",\"breadcrumb\":{\"@id\":\"https:\/\/mintminidentalimplants.com\/intraoral-camera-in-wilkes-barre-pa\/#breadcrumb\"},\"inLanguage\":\"es\",\"potentialAction\":[{\"@type\":\"ReadAction\",\"target\":[\"https:\/\/mintminidentalimplants.com\/intraoral-camera-in-wilkes-barre-pa\/\"]}]},{\"@type\":\"ImageObject\",\"inLanguage\":\"es\",\"@id\":\"https:\/\/mintminidentalimplants.com\/intraoral-camera-in-wilkes-barre-pa\/#primaryimage\",\"url\":\"https:\/\/mintminidentalimplants.com\/wp-content\/uploads\/2023\/06\/Intraoral-Camera-Preventative-Dentistry-in-Wilkes-Barre-PA.jpg\",\"contentUrl\":\"https:\/\/mintminidentalimplants.com\/wp-content\/uploads\/2023\/06\/Intraoral-Camera-Preventative-Dentistry-in-Wilkes-Barre-PA.jpg\",\"width\":500,\"height\":334,\"caption\":\"Intraoral Camera Preventative Dentistry in Wilkes-Barre, PA\"},{\"@type\":\"BreadcrumbList\",\"@id\":\"https:\/\/mintminidentalimplants.com\/intraoral-camera-in-wilkes-barre-pa\/#breadcrumb\",\"itemListElement\":[{\"@type\":\"ListItem\",\"position\":1,\"name\":\"Home\",\"item\":\"https:\/\/mintminidentalimplants.com\/\"},{\"@type\":\"ListItem\",\"position\":2,\"name\":\"Intraoral Camera in Wilkes-Barre, PA\"}]},{\"@type\":\"WebSite\",\"@id\":\"\/#website\",\"url\":\"\/\",\"name\":\"Mint Mini Dental Implants - John Coolican, DMD\",\"description\":\"Mini Dental Implants in Wilkes-Barre, PA\",\"publisher\":{\"@id\":\"\/#organization\"},\"potentialAction\":[{\"@type\":\"SearchAction\",\"target\":{\"@type\":\"EntryPoint\",\"urlTemplate\":\"\/?s={search_term_string}\"},\"query-input\":{\"@type\":\"PropertyValueSpecification\",\"valueRequired\":true,\"valueName\":\"search_term_string\"}}],\"inLanguage\":\"es\"},{\"@type\":\"Organization\",\"@id\":\"\/#organization\",\"name\":\"Mint Mini Dental Implants - John Coolican, DMD\",\"url\":\"\/\",\"logo\":{\"@type\":\"ImageObject\",\"inLanguage\":\"es\",\"@id\":\"\/#\/schema\/logo\/image\/\",\"url\":\"https:\/\/mintminidentalimplants.com\/wp-content\/uploads\/2023\/09\/Mint-Mini-Dental-Implants.png\",\"contentUrl\":\"https:\/\/mintminidentalimplants.com\/wp-content\/uploads\/2023\/09\/Mint-Mini-Dental-Implants.png\",\"width\":800,\"height\":494,\"caption\":\"Mint Mini Dental Implants - John Coolican, DMD\"},\"image\":{\"@id\":\"\/#\/schema\/logo\/image\/\"},\"sameAs\":[\"https:\/\/www.facebook.com\/MintMiniDentalImplants\/\",\"https:\/\/www.youtube.com\/@johncoolicandmd-mintminide827\"]}]}<\/script>\n<!-- \/ Yoast SEO plugin. -->","yoast_head_json":{"title":"C\u00e1mara intraoral | Odontolog\u00eda preventiva en Wilkes-Barre, PA","description":"En pocas palabras, una c\u00e1mara intraoral es una peque\u00f1a c\u00e1mara de v\u00eddeo que toma una radiograf\u00eda del exterior de la enc\u00eda o el diente.","robots":{"index":"index","follow":"follow","max-snippet":"max-snippet:-1","max-image-preview":"max-image-preview:large","max-video-preview":"max-video-preview:-1"},"canonical":"https:\/\/mintminidentalimplants.com\/es\/camara-intraoral-en-wilkes-barre-pa\/","og_locale":"es_MX","og_type":"article","og_title":"Intraoral Camera | Preventative Dentistry in Wilkes-Barre, PA","og_description":"In a nutshell, an intraoral camera is a small video camera that takes an X-ray of the outside of the gum or tooth.","og_url":"https:\/\/mintminidentalimplants.com\/es\/camara-intraoral-en-wilkes-barre-pa\/","og_site_name":"Mint Mini Dental Implants - John Coolican, DMD","article_publisher":"https:\/\/www.facebook.com\/MintMiniDentalImplants\/","article_modified_time":"2023-09-18T22:20:27+00:00","og_image":[{"width":500,"height":334,"url":"https:\/\/mintminidentalimplants.com\/wp-content\/uploads\/2023\/06\/Intraoral-Camera-Preventative-Dentistry-in-Wilkes-Barre-PA.jpg","type":"image\/jpeg"}],"twitter_card":"summary_large_image","twitter_misc":{"Tiempo de lectura":"2 minutos"},"schema":{"@context":"https:\/\/schema.org","@graph":[{"@type":"WebPage","@id":"https:\/\/mintminidentalimplants.com\/intraoral-camera-in-wilkes-barre-pa\/","url":"https:\/\/mintminidentalimplants.com\/intraoral-camera-in-wilkes-barre-pa\/","name":"C\u00e1mara intraoral | Odontolog\u00eda preventiva en Wilkes-Barre, PA","isPartOf":{"@id":"\/#website"},"primaryImageOfPage":{"@id":"https:\/\/mintminidentalimplants.com\/intraoral-camera-in-wilkes-barre-pa\/#primaryimage"},"image":{"@id":"https:\/\/mintminidentalimplants.com\/intraoral-camera-in-wilkes-barre-pa\/#primaryimage"},"thumbnailUrl":"https:\/\/mintminidentalimplants.com\/wp-content\/uploads\/2023\/06\/Intraoral-Camera-Preventative-Dentistry-in-Wilkes-Barre-PA.jpg","datePublished":"2023-06-20T16:40:56+00:00","dateModified":"2023-09-18T22:20:27+00:00","description":"En pocas palabras, una c\u00e1mara intraoral es una peque\u00f1a c\u00e1mara de v\u00eddeo que toma una radiograf\u00eda del exterior de la enc\u00eda o el diente.","breadcrumb":{"@id":"https:\/\/mintminidentalimplants.com\/intraoral-camera-in-wilkes-barre-pa\/#breadcrumb"},"inLanguage":"es","potentialAction":[{"@type":"ReadAction","target":["https:\/\/mintminidentalimplants.com\/intraoral-camera-in-wilkes-barre-pa\/"]}]},{"@type":"ImageObject","inLanguage":"es","@id":"https:\/\/mintminidentalimplants.com\/intraoral-camera-in-wilkes-barre-pa\/#primaryimage","url":"https:\/\/mintminidentalimplants.com\/wp-content\/uploads\/2023\/06\/Intraoral-Camera-Preventative-Dentistry-in-Wilkes-Barre-PA.jpg","contentUrl":"https:\/\/mintminidentalimplants.com\/wp-content\/uploads\/2023\/06\/Intraoral-Camera-Preventative-Dentistry-in-Wilkes-Barre-PA.jpg","width":500,"height":334,"caption":"Intraoral Camera Preventative Dentistry in Wilkes-Barre, PA"},{"@type":"BreadcrumbList","@id":"https:\/\/mintminidentalimplants.com\/intraoral-camera-in-wilkes-barre-pa\/#breadcrumb","itemListElement":[{"@type":"ListItem","position":1,"name":"Home","item":"https:\/\/mintminidentalimplants.com\/"},{"@type":"ListItem","position":2,"name":"Intraoral Camera in Wilkes-Barre, PA"}]},{"@type":"WebSite","@id":"\/#website","url":"\/","name":"Mini Implantes Dentales Mint - John Coolican, DMD","description":"Mini Implantes Dentales en Wilkes-Barre, PA","publisher":{"@id":"\/#organization"},"potentialAction":[{"@type":"SearchAction","target":{"@type":"EntryPoint","urlTemplate":"\/?s={search_term_string}"},"query-input":{"@type":"PropertyValueSpecification","valueRequired":true,"valueName":"search_term_string"}}],"inLanguage":"es"},{"@type":"Organization","@id":"\/#organization","name":"Mini Implantes Dentales Mint - John Coolican, DMD","url":"\/","logo":{"@type":"ImageObject","inLanguage":"es","@id":"\/#\/schema\/logo\/image\/","url":"https:\/\/mintminidentalimplants.com\/wp-content\/uploads\/2023\/09\/Mint-Mini-Dental-Implants.png","contentUrl":"https:\/\/mintminidentalimplants.com\/wp-content\/uploads\/2023\/09\/Mint-Mini-Dental-Implants.png","width":800,"height":494,"caption":"Mint Mini Dental Implants - John Coolican, DMD"},"image":{"@id":"\/#\/schema\/logo\/image\/"},"sameAs":["https:\/\/www.facebook.com\/MintMiniDentalImplants\/","https:\/\/www.youtube.com\/@johncoolicandmd-mintminide827"]}]}},"_links":{"self":[{"href":"https:\/\/mintminidentalimplants.com\/es\/wp-json\/wp\/v2\/pages\/337","targetHints":{"allow":["GET"]}}],"collection":[{"href":"https:\/\/mintminidentalimplants.com\/es\/wp-json\/wp\/v2\/pages"}],"about":[{"href":"https:\/\/mintminidentalimplants.com\/es\/wp-json\/wp\/v2\/types\/page"}],"author":[{"embeddable":true,"href":"https:\/\/mintminidentalimplants.com\/es\/wp-json\/wp\/v2\/users\/4"}],"replies":[{"embeddable":true,"href":"https:\/\/mintminidentalimplants.com\/es\/wp-json\/wp\/v2\/comments?post=337"}],"version-history":[{"count":0,"href":"https:\/\/mintminidentalimplants.com\/es\/wp-json\/wp\/v2\/pages\/337\/revisions"}],"wp:featuredmedia":[{"embeddable":true,"href":"https:\/\/mintminidentalimplants.com\/es\/wp-json\/wp\/v2\/media\/410"}],"wp:attachment":[{"href":"https:\/\/mintminidentalimplants.com\/es\/wp-json\/wp\/v2\/media?parent=337"}],"curies":[{"name":"wp","href":"https:\/\/api.w.org\/{rel}","templated":true}]}}