{"id":17,"date":"2022-06-09T02:18:16","date_gmt":"2022-06-09T06:18:16","guid":{"rendered":"https:\/\/mintminidentalimplants.com\/?page_id=17"},"modified":"2024-01-19T14:43:33","modified_gmt":"2024-01-19T19:43:33","slug":"videos","status":"publish","type":"page","link":"https:\/\/mintminidentalimplants.com\/es\/videos\/","title":{"rendered":"V\u00eddeos"},"content":{"rendered":"<section class=\"section\" id=\"section_1784677485\">\n\t\t<div class=\"bg section-bg fill bg-fill  bg-loaded\" >\n\n\t\t\t\n\t\t\t\n\t\t\t\n\n\t\t<\/div>\n\n\t\t\n\n\t\t<div class=\"section-content relative\">\n\t\t\t\n<div class=\"row align-middle\"  id=\"row-750963045\">\n\n\t<div id=\"col-720302868\" class=\"col medium-8 small-12 large-8\"  >\n\t\t\t\t<div class=\"col-inner\"  >\n\t\t\t\n\t\t\t\n\t<div id=\"text-1150762879\" class=\"text\">\n\t\t\n<h1 class=\"uppercase\" style=\"text-align: left;\">VIDEOTECA<\/h1>\n<p class=\"lead\">Consulte nuestra videoteca para obtener respuestas a las preguntas m\u00e1s frecuentes relacionadas con la implantolog\u00eda. \u00bfA\u00fan tiene preguntas? P\u00f3ngase en contacto con nosotros hoy mismo para concertar una consulta gratuita con el Dr. John P. Coolican, dentista especializado en implantes de Wilkes-Barre.<\/p>\n\t\t\n<style>\n#text-1150762879 {\n  font-size: 0.8rem;\n}\n@media (min-width:850px) {\n  #text-1150762879 {\n    font-size: 1.1rem;\n  }\n}\n<\/style>\n\t<\/div>\n\t\n\t\t<\/div>\n\t\t\t\t\t<\/div>\n\n\t\n\n\t<div id=\"col-944199061\" class=\"col medium-4 small-12 large-4\"  >\n\t\t\t\t<div class=\"col-inner\"  >\n\t\t\t\n\t\t\t\n<div class=\"video video-fit mb\" style=\"padding-top:56.25%;\"><p><iframe loading=\"lazy\" title=\"Mini Implantes Dentales en Wilkes-Barre, PA - John P. Coolican, DMD - Mint Mini Implantes Dentales\" width=\"1020\" height=\"574\" src=\"https:\/\/www.youtube.com\/embed\/lgpib9PMjX0?start=2&#038;wmode=transparent&amp;rel=0&amp;feature=oembed\" frameborder=\"0\" allow=\"accelerometer; autoplay; clipboard-write; encrypted-media; gyroscope; picture-in-picture; web-share\" allowfullscreen><\/iframe><\/p>\n<\/div>\n\t\t<\/div>\n\t\t\t\t\t<\/div>\n\n\t\n<\/div>\n\t\t<\/div>\n\n\t\t\n<style>\n#section_1784677485 {\n  padding-top: 30px;\n  padding-bottom: 30px;\n  background-color: rgb(249, 249, 249);\n}\n<\/style>\n\t<\/section>\n\t\n\t<section class=\"section\" id=\"section_369105390\">\n\t\t<div class=\"bg section-bg fill bg-fill\" >\n\n\t\t\t\n\t\t\t\n\t\t\t\n\n\t\t<\/div>\n\n\t\t\n\n\t\t<div class=\"section-content relative\">\n\t\t\t\n\t<div id=\"gap-575736574\" class=\"gap-element clearfix\" style=\"display:block; height:auto;\">\n\t\t\n<style>\n#gap-575736574 {\n  padding-top: 0px;\n}\n@media (min-width:550px) {\n  #gap-575736574 {\n    padding-top: 30px;\n  }\n}\n<\/style>\n\t<\/div>\n\t\n<div class=\"row\"  id=\"row-607123302\">\n\n\t<div id=\"col-975039611\" class=\"col medium-6 small-12 large-6\"  >\n\t\t\t\t<div class=\"col-inner\"  >\n\t\t\t\n\t\t\t\n\t<div id=\"text-3928986594\" class=\"text\">\n\t\t\n<h3 style=\"text-align: left;\"><span style=\"text-decoration: underline;\"><strong>Acerca de nuestra consulta<\/strong><\/span><\/h3>\n<ul style=\"text-align: left;\">\n<li class=\"bullet-arrow\"><a href=\"https:\/\/mintminidentalimplants.com\/es\/conozca-al-dr-john-coolican\/\"><strong>Conozca al Dr. John Coolican<\/strong><\/a><\/li>\n<li class=\"bullet-arrow\"><a href=\"https:\/\/mintminidentalimplants.com\/es\/conozca-a-henriette-rizzo-r-n\/\"><strong>Conozca a Henriette Rizzo, RN<\/strong><\/a><\/li>\n<li class=\"bullet-arrow\"><a href=\"https:\/\/mintminidentalimplants.com\/es\/que-esperar-de-la-consulta\/\"><strong>Qu\u00e9 esperar de la consulta<\/strong><\/a><\/li>\n<li class=\"bullet-arrow\"><a href=\"https:\/\/mintminidentalimplants.com\/es\/que-incluye-una-consulta-gratuita\/\"><strong>\u00bfQu\u00e9 incluye una consulta gratuita?<\/strong><\/a><\/li>\n<li class=\"bullet-arrow\"><a href=\"https:\/\/mintminidentalimplants.com\/es\/que-pasa-si-tengo-ansiedad-dental\/\"><strong>\u00bfY si tengo ansiedad dental?<\/strong><\/a><\/li>\n<li class=\"bullet-arrow\"><a href=\"https:\/\/mintminidentalimplants.com\/es\/opciones-de-odontologia-bajo-sedacion\/\"><strong>Opciones de odontolog\u00eda bajo sedaci\u00f3n<\/strong><\/a><\/li>\n<li class=\"bullet-arrow\"><a href=\"https:\/\/mintminidentalimplants.com\/es\/ofrecen-odontologia-de-urgencia\/\"><strong>\u00bfOfrecen odontolog\u00eda de urgencia?<\/strong><\/a><\/li>\n<li class=\"bullet-arrow\"><a href=\"https:\/\/mintminidentalimplants.com\/es\/que-son-las-radiografias-dentales-cbct\/\"><strong>\u00bfQu\u00e9 son las radiograf\u00edas dentales CBCT?<\/strong><\/a><\/li>\n<li class=\"bullet-arrow\"><a href=\"https:\/\/mintminidentalimplants.com\/es\/como-se-realiza-una-exploracion-cbct\/\"><strong>\u00bfC\u00f3mo se realiza una CBCT?<\/strong><\/a><\/li>\n<\/ul>\n<h3 style=\"text-align: left;\"><span style=\"text-decoration: underline;\"><strong>Pr\u00f3tesis sobre implantes<\/strong><\/span><\/h3>\n<ul style=\"text-align: left;\">\n<li class=\"bullet-arrow\"><a href=\"https:\/\/mintminidentalimplants.com\/es\/hay-alguna-solucion-para-una-dentadura-postiza-floja-o-mal-ajustada\/\"><strong>\u00bfHay soluci\u00f3n para las dentaduras postizas flojas o mal ajustadas?<\/strong><\/a><\/li>\n<li class=\"bullet-arrow\"><a href=\"https:\/\/mintminidentalimplants.com\/es\/existe-alguna-alternativa-a-las-protesis-parciales-removibles\/\"><strong>\u00bfExiste alguna alternativa a las pr\u00f3tesis parciales removibles?<\/strong><\/a><\/li>\n<li class=\"bullet-arrow\"><a href=\"https:\/\/mintminidentalimplants.com\/es\/cuales-son-las-ventajas-de-una-protesis-implantosoportada\/\"><strong>\u00bfCu\u00e1les son las ventajas de una pr\u00f3tesis implantosoportada?<\/strong><\/a><\/li>\n<li class=\"bullet-arrow\"><a href=\"https:\/\/mintminidentalimplants.com\/es\/es-dolorosa-la-colocacion-de-una-protesis-sobre-implantes\/\"><strong>\u00bfEs dolorosa una pr\u00f3tesis implantosoportada?<\/strong><\/a><\/li>\n<li class=\"bullet-arrow\"><a href=\"https:\/\/mintminidentalimplants.com\/es\/son-permanentes-las-protesis-implantosoportadas\/\"><strong>\u00bfSon permanentes las pr\u00f3tesis implantosoportadas?<\/strong><\/a><\/li>\n<li class=\"bullet-arrow\"><a href=\"https:\/\/mintminidentalimplants.com\/es\/que-es-una-dentadura-postiza-snap-on\/\"><strong>\u00bfQu\u00e9 es una pr\u00f3tesis dental Snap-On?<\/strong><\/a><\/li>\n<li class=\"bullet-arrow\"><a href=\"https:\/\/mintminidentalimplants.com\/es\/que-es-una-rotonda\/\"><strong>\u00bfQu\u00e9 es una rotonda?<\/strong><\/a><\/li>\n<\/ul>\n<h3 style=\"text-align: left;\"><span style=\"text-decoration: underline;\"><strong>Puentes sobre implantes<\/strong><\/span><\/h3>\n<ul>\n<li class=\"bullet-arrow\"><a href=\"https:\/\/mintminidentalimplants.com\/es\/existe-alguna-opcion-para-sustituir-mi-puente-dental\/\"><strong>\u00bfExiste alguna opci\u00f3n para sustituir mi puente dental?<\/strong><\/a><\/li>\n<li class=\"bullet-arrow\"><a href=\"https:\/\/mintminidentalimplants.com\/es\/cual-es-la-diferencia-entre-un-puente-implantosoportado-y-un-puente-tradicional\/\"><strong>\u00bfCu\u00e1l es la diferencia entre un puente implantosoportado y un puente normal?<\/strong><\/a><\/li>\n<\/ul>\n\t\t\n<style>\n#text-3928986594 {\n  font-size: 1.2rem;\n  text-align: left;\n}\n<\/style>\n\t<\/div>\n\t\n\t\t<\/div>\n\t\t\t\t\t<\/div>\n\n\t\n\n\t<div id=\"col-779548091\" class=\"col medium-6 small-12 large-6\"  >\n\t\t\t\t<div class=\"col-inner\"  >\n\t\t\t\n\t\t\t\n\t<div id=\"text-333367311\" class=\"text\">\n\t\t\n<h3 style=\"text-align: left;\"><span style=\"text-decoration: underline;\"><strong>Miniimplantes dentales<\/strong><\/span><\/h3>\n<ul>\n<li class=\"bullet-arrow\" style=\"text-align: left;\"><a href=\"https:\/\/mintminidentalimplants.com\/es\/que-es-un-miniimplante-dental\/\"><strong>\u00bfQu\u00e9 es un miniimplante dental?<\/strong><\/a><\/li>\n<li class=\"bullet-arrow\"><a href=\"https:\/\/mintminidentalimplants.com\/es\/opciones-de-sustitucion-dental\/\"><strong>Opciones de sustituci\u00f3n dental<\/strong><\/a><\/li>\n<li class=\"bullet-arrow\" style=\"text-align: left;\"><a href=\"https:\/\/mintminidentalimplants.com\/es\/que-opciones-tengo-si-me-falta-un-solo-diente\/\"><strong>\u00bfQu\u00e9 opciones tengo si me falta un solo diente?<\/strong><\/a><\/li>\n<li class=\"bullet-arrow\" style=\"text-align: left;\"><a href=\"https:\/\/mintminidentalimplants.com\/es\/que-opciones-tengo-si-me-faltan-varios-dientes\/\"><strong>\u00bfQu\u00e9 opciones tengo si me faltan varios dientes?<\/strong><\/a><\/li>\n<li class=\"bullet-arrow\" style=\"text-align: left;\"><a href=\"https:\/\/mintminidentalimplants.com\/es\/las-ventajas-de-los-miniimplantes-dentales\/\"><strong>Ventajas de los miniimplantes dentales<\/strong><\/a><\/li>\n<li class=\"bullet-arrow\" style=\"text-align: left;\"><a href=\"https:\/\/mintminidentalimplants.com\/es\/miniimplantes-dentales-frente-a-implantes-convencionales\/\"><strong>Miniimplantes dentales frente a implantes convencionales<\/strong><\/a><\/li>\n<li class=\"bullet-arrow\" style=\"text-align: left;\"><a href=\"https:\/\/mintminidentalimplants.com\/es\/que-pasa-si-no-tengo-suficiente-hueso-para-un-implante-dental\/\"><strong>\u00bfQu\u00e9 ocurre si no tengo suficiente hueso para un implante dental?<\/strong><\/a><\/li>\n<li class=\"bullet-arrow\" style=\"text-align: left;\"><a href=\"https:\/\/mintminidentalimplants.com\/es\/perdida-osea-mini-implantes-dentales\/\"><strong>P\u00e9rdida \u00f3sea y miniimplantes dentales<\/strong><\/a><\/li>\n<li class=\"bullet-arrow\" style=\"text-align: left;\"><a href=\"https:\/\/mintminidentalimplants.com\/es\/requieren-injertos-oseos-los-miniimplantes-dentales\/\"><strong>\u00bfLos miniimplantes dentales requieren injertos \u00f3seos?<\/strong><\/a><\/li>\n<li class=\"bullet-arrow\" style=\"text-align: left;\"><a href=\"https:\/\/mintminidentalimplants.com\/es\/el-proceso-del-miniimplante-dental-explicado\/\"><strong>Explicaci\u00f3n del proceso de miniimplante dental<\/strong><\/a><\/li>\n<li class=\"bullet-arrow\" style=\"text-align: left;\"><a href=\"https:\/\/mintminidentalimplants.com\/es\/pueden-los-implantes-dentales-sustituir-todos-mis-dientes\/\"><strong>\u00bfPueden los implantes dentales sustituir todos mis dientes?<\/strong><\/a><\/li>\n<li class=\"bullet-arrow\" style=\"text-align: left;\"><a href=\"https:\/\/mintminidentalimplants.com\/es\/son-seguros-los-implantes-dentales\/\"><strong>\u00bfSon seguros los implantes dentales?<\/strong><\/a><\/li>\n<li class=\"bullet-arrow\" style=\"text-align: left;\"><a href=\"https:\/\/mintminidentalimplants.com\/es\/al-poco-tiempo-de-la-extraccion-de-un-diente-puedo-colocarme-un-implante-dental\/\"><strong>\u00bfQu\u00e9 tan pronto despu\u00e9s de la extracci\u00f3n de un diente puedo tener un implante dental?<\/strong><\/a><\/li>\n<li class=\"bullet-arrow\" style=\"text-align: left;\"><a href=\"https:\/\/mintminidentalimplants.com\/es\/cuanto-duran-los-miniimplantes-dentales\/\"><strong>\u00bfCu\u00e1nto duran los miniimplantes dentales?<\/strong><\/a><\/li>\n<li class=\"bullet-arrow\" style=\"text-align: left;\"><a href=\"https:\/\/mintminidentalimplants.com\/es\/quien-es-un-buen-candidato-para-los-miniimplantes-dentales\/\"><strong>\u00bfQui\u00e9n es un buen candidato para los miniimplantes dentales?<\/strong><\/a><\/li>\n<li class=\"bullet-arrow\" style=\"text-align: left;\"><a href=\"https:\/\/mintminidentalimplants.com\/es\/por-que-elegir-los-miniimplantes-dentales\/\"><strong>\u00bfPor qu\u00e9 deber\u00eda elegir los miniimplantes dentales?<\/strong><\/a><\/li>\n<li class=\"bullet-arrow\" style=\"text-align: left;\"><a href=\"https:\/\/mintminidentalimplants.com\/es\/cuanto-cuestan-los-miniimplantes-dentales\/\"><strong>\u00bfCu\u00e1nto cuestan los miniimplantes dentales?<\/strong><\/a><\/li>\n<li class=\"bullet-arrow\" style=\"text-align: left;\"><a href=\"https:\/\/mintminidentalimplants.com\/es\/el-seguro-dental-cubre-los-implantes\/\"><strong>\u00bfCubre el seguro dental los implantes?<\/strong><\/a><\/li>\n<li class=\"bullet-arrow\" style=\"text-align: left;\"><a href=\"https:\/\/mintminidentalimplants.com\/es\/opciones-de-financiacion-de-miniimplantes-dentales\/\"><strong>Opciones de financiaci\u00f3n de miniimplantes dentales<\/strong><\/a><\/li>\n<\/ul>\n\t\t\n<style>\n#text-333367311 {\n  font-size: 1.2rem;\n}\n<\/style>\n\t<\/div>\n\t\n\t\t<\/div>\n\t\t\t\t\t<\/div>\n\n\t\n<\/div>\n\t\t<\/div>\n\n\t\t\n<style>\n#section_369105390 {\n  padding-top: 0px;\n  padding-bottom: 0px;\n}\n#section_369105390 .section-bg.bg-loaded {\n  background-image: url(https:\/\/mintminidentalimplants.com\/wp-content\/uploads\/2023\/09\/Mint_leaf-graphic2-scaled.jpg);\n}\n<\/style>\n\t<\/section>","protected":false},"excerpt":{"rendered":"","protected":false},"author":4,"featured_media":397,"parent":0,"menu_order":0,"comment_status":"closed","ping_status":"closed","template":"page-blank.php","meta":{"rop_custom_images_group":[],"rop_custom_messages_group":[],"rop_publish_now":"initial","rop_publish_now_accounts":{"gmb_109265489736877664202_accounts\/109265489736877664202\/locations\/11862547582907344670":"","twitter_1748427406644215808_1748427406644215808":"","facebook_777675450006584_143517962349719":""},"rop_publish_now_history":[],"rop_publish_now_status":"pending","footnotes":""},"class_list":["post-17","page","type-page","status-publish","has-post-thumbnail","hentry"],"yoast_head":"<!-- This site is optimized with the Yoast SEO plugin v27.4 - https:\/\/yoast.com\/product\/yoast-seo-wordpress\/ -->\n<title>Videos | Wilkes-Barre, PA | Mint Mini Dental Implants<\/title>\n<meta name=\"description\" content=\"Watch our video library for answers to your frequently asked questions related to implant dentistry. Call us today!\" \/>\n<meta name=\"robots\" content=\"index, follow, max-snippet:-1, max-image-preview:large, max-video-preview:-1\" \/>\n<link rel=\"canonical\" href=\"https:\/\/mintminidentalimplants.com\/es\/videos\/\" \/>\n<meta property=\"og:locale\" content=\"es_MX\" \/>\n<meta property=\"og:type\" content=\"article\" \/>\n<meta property=\"og:title\" content=\"Videos | Wilkes-Barre, PA | Mint Mini Dental Implants\" \/>\n<meta property=\"og:description\" content=\"Watch our video library for answers to your frequently asked questions related to implant dentistry. Call us today!\" \/>\n<meta property=\"og:url\" content=\"https:\/\/mintminidentalimplants.com\/es\/videos\/\" \/>\n<meta property=\"og:site_name\" content=\"Mint Mini Dental Implants - John Coolican, DMD\" \/>\n<meta property=\"article:publisher\" content=\"https:\/\/www.facebook.com\/MintMiniDentalImplants\/\" \/>\n<meta property=\"article:modified_time\" content=\"2024-01-19T19:43:33+00:00\" \/>\n<meta property=\"og:image\" content=\"https:\/\/mintminidentalimplants.com\/wp-content\/uploads\/2023\/06\/Videos-Wilkes-Barre-PA-Mint-Mini-Dental-Implants.jpg\" \/>\n\t<meta property=\"og:image:width\" content=\"500\" \/>\n\t<meta property=\"og:image:height\" content=\"312\" \/>\n\t<meta property=\"og:image:type\" content=\"image\/jpeg\" \/>\n<meta name=\"twitter:card\" content=\"summary_large_image\" \/>\n<meta name=\"twitter:label1\" content=\"Tiempo de lectura\" \/>\n\t<meta name=\"twitter:data1\" content=\"2 minutos\" \/>\n<script type=\"application\/ld+json\" class=\"yoast-schema-graph\">{\"@context\":\"https:\\\/\\\/schema.org\",\"@graph\":[{\"@type\":\"WebPage\",\"@id\":\"https:\\\/\\\/mintminidentalimplants.com\\\/videos\\\/\",\"url\":\"https:\\\/\\\/mintminidentalimplants.com\\\/videos\\\/\",\"name\":\"Videos | Wilkes-Barre, PA | Mint Mini Dental Implants\",\"isPartOf\":{\"@id\":\"\\\/#website\"},\"primaryImageOfPage\":{\"@id\":\"https:\\\/\\\/mintminidentalimplants.com\\\/videos\\\/#primaryimage\"},\"image\":{\"@id\":\"https:\\\/\\\/mintminidentalimplants.com\\\/videos\\\/#primaryimage\"},\"thumbnailUrl\":\"https:\\\/\\\/mintminidentalimplants.com\\\/wp-content\\\/uploads\\\/2023\\\/06\\\/Videos-Wilkes-Barre-PA-Mint-Mini-Dental-Implants.jpg\",\"datePublished\":\"2022-06-09T06:18:16+00:00\",\"dateModified\":\"2024-01-19T19:43:33+00:00\",\"description\":\"Watch our video library for answers to your frequently asked questions related to implant dentistry. Call us today!\",\"breadcrumb\":{\"@id\":\"https:\\\/\\\/mintminidentalimplants.com\\\/videos\\\/#breadcrumb\"},\"inLanguage\":\"es\",\"potentialAction\":[{\"@type\":\"ReadAction\",\"target\":[\"https:\\\/\\\/mintminidentalimplants.com\\\/videos\\\/\"]}]},{\"@type\":\"ImageObject\",\"inLanguage\":\"es\",\"@id\":\"https:\\\/\\\/mintminidentalimplants.com\\\/videos\\\/#primaryimage\",\"url\":\"https:\\\/\\\/mintminidentalimplants.com\\\/wp-content\\\/uploads\\\/2023\\\/06\\\/Videos-Wilkes-Barre-PA-Mint-Mini-Dental-Implants.jpg\",\"contentUrl\":\"https:\\\/\\\/mintminidentalimplants.com\\\/wp-content\\\/uploads\\\/2023\\\/06\\\/Videos-Wilkes-Barre-PA-Mint-Mini-Dental-Implants.jpg\",\"width\":500,\"height\":312,\"caption\":\"Videos Wilkes-Barre, PA Mint Mini Dental Implants\"},{\"@type\":\"BreadcrumbList\",\"@id\":\"https:\\\/\\\/mintminidentalimplants.com\\\/videos\\\/#breadcrumb\",\"itemListElement\":[{\"@type\":\"ListItem\",\"position\":1,\"name\":\"Home\",\"item\":\"https:\\\/\\\/mintminidentalimplants.com\\\/\"},{\"@type\":\"ListItem\",\"position\":2,\"name\":\"Videos\"}]},{\"@type\":\"WebSite\",\"@id\":\"\\\/#website\",\"url\":\"\\\/\",\"name\":\"Mint Mini Dental Implants - John Coolican, DMD\",\"description\":\"Mini Dental Implants in Wilkes-Barre, PA\",\"publisher\":{\"@id\":\"\\\/#organization\"},\"potentialAction\":[{\"@type\":\"SearchAction\",\"target\":{\"@type\":\"EntryPoint\",\"urlTemplate\":\"\\\/?s={search_term_string}\"},\"query-input\":{\"@type\":\"PropertyValueSpecification\",\"valueRequired\":true,\"valueName\":\"search_term_string\"}}],\"inLanguage\":\"es\"},{\"@type\":\"Organization\",\"@id\":\"\\\/#organization\",\"name\":\"Mint Mini Dental Implants - John Coolican, DMD\",\"url\":\"\\\/\",\"logo\":{\"@type\":\"ImageObject\",\"inLanguage\":\"es\",\"@id\":\"\\\/#\\\/schema\\\/logo\\\/image\\\/\",\"url\":\"https:\\\/\\\/mintminidentalimplants.com\\\/wp-content\\\/uploads\\\/2023\\\/09\\\/Mint-Mini-Dental-Implants.png\",\"contentUrl\":\"https:\\\/\\\/mintminidentalimplants.com\\\/wp-content\\\/uploads\\\/2023\\\/09\\\/Mint-Mini-Dental-Implants.png\",\"width\":800,\"height\":494,\"caption\":\"Mint Mini Dental Implants - John Coolican, DMD\"},\"image\":{\"@id\":\"\\\/#\\\/schema\\\/logo\\\/image\\\/\"},\"sameAs\":[\"https:\\\/\\\/www.facebook.com\\\/MintMiniDentalImplants\\\/\",\"https:\\\/\\\/www.youtube.com\\\/@johncoolicandmd-mintminide827\"]}]}<\/script>\n<!-- \/ Yoast SEO plugin. -->","yoast_head_json":{"title":"Videos | Wilkes-Barre, PA | Mint Mini Implantes Dentales","description":"Consulte nuestra videoteca para obtener respuestas a las preguntas m\u00e1s frecuentes relacionadas con la implantolog\u00eda. Ll\u00e1menos hoy mismo","robots":{"index":"index","follow":"follow","max-snippet":"max-snippet:-1","max-image-preview":"max-image-preview:large","max-video-preview":"max-video-preview:-1"},"canonical":"https:\/\/mintminidentalimplants.com\/es\/videos\/","og_locale":"es_MX","og_type":"article","og_title":"Videos | Wilkes-Barre, PA | Mint Mini Dental Implants","og_description":"Watch our video library for answers to your frequently asked questions related to implant dentistry. Call us today!","og_url":"https:\/\/mintminidentalimplants.com\/es\/videos\/","og_site_name":"Mint Mini Dental Implants - John Coolican, DMD","article_publisher":"https:\/\/www.facebook.com\/MintMiniDentalImplants\/","article_modified_time":"2024-01-19T19:43:33+00:00","og_image":[{"width":500,"height":312,"url":"https:\/\/mintminidentalimplants.com\/wp-content\/uploads\/2023\/06\/Videos-Wilkes-Barre-PA-Mint-Mini-Dental-Implants.jpg","type":"image\/jpeg"}],"twitter_card":"summary_large_image","twitter_misc":{"Tiempo de lectura":"2 minutos"},"schema":{"@context":"https:\/\/schema.org","@graph":[{"@type":"WebPage","@id":"https:\/\/mintminidentalimplants.com\/videos\/","url":"https:\/\/mintminidentalimplants.com\/videos\/","name":"Videos | Wilkes-Barre, PA | Mint Mini Implantes Dentales","isPartOf":{"@id":"\/#website"},"primaryImageOfPage":{"@id":"https:\/\/mintminidentalimplants.com\/videos\/#primaryimage"},"image":{"@id":"https:\/\/mintminidentalimplants.com\/videos\/#primaryimage"},"thumbnailUrl":"https:\/\/mintminidentalimplants.com\/wp-content\/uploads\/2023\/06\/Videos-Wilkes-Barre-PA-Mint-Mini-Dental-Implants.jpg","datePublished":"2022-06-09T06:18:16+00:00","dateModified":"2024-01-19T19:43:33+00:00","description":"Consulte nuestra videoteca para obtener respuestas a las preguntas m\u00e1s frecuentes relacionadas con la implantolog\u00eda. Ll\u00e1menos hoy mismo","breadcrumb":{"@id":"https:\/\/mintminidentalimplants.com\/videos\/#breadcrumb"},"inLanguage":"es","potentialAction":[{"@type":"ReadAction","target":["https:\/\/mintminidentalimplants.com\/videos\/"]}]},{"@type":"ImageObject","inLanguage":"es","@id":"https:\/\/mintminidentalimplants.com\/videos\/#primaryimage","url":"https:\/\/mintminidentalimplants.com\/wp-content\/uploads\/2023\/06\/Videos-Wilkes-Barre-PA-Mint-Mini-Dental-Implants.jpg","contentUrl":"https:\/\/mintminidentalimplants.com\/wp-content\/uploads\/2023\/06\/Videos-Wilkes-Barre-PA-Mint-Mini-Dental-Implants.jpg","width":500,"height":312,"caption":"Videos Wilkes-Barre, PA Mint Mini Dental Implants"},{"@type":"BreadcrumbList","@id":"https:\/\/mintminidentalimplants.com\/videos\/#breadcrumb","itemListElement":[{"@type":"ListItem","position":1,"name":"Home","item":"https:\/\/mintminidentalimplants.com\/"},{"@type":"ListItem","position":2,"name":"Videos"}]},{"@type":"WebSite","@id":"\/#website","url":"\/","name":"Mini Implantes Dentales Mint - John Coolican, DMD","description":"Mini Implantes Dentales en Wilkes-Barre, PA","publisher":{"@id":"\/#organization"},"potentialAction":[{"@type":"SearchAction","target":{"@type":"EntryPoint","urlTemplate":"\/?s={search_term_string}"},"query-input":{"@type":"PropertyValueSpecification","valueRequired":true,"valueName":"search_term_string"}}],"inLanguage":"es"},{"@type":"Organization","@id":"\/#organization","name":"Mini Implantes Dentales Mint - John Coolican, DMD","url":"\/","logo":{"@type":"ImageObject","inLanguage":"es","@id":"\/#\/schema\/logo\/image\/","url":"https:\/\/mintminidentalimplants.com\/wp-content\/uploads\/2023\/09\/Mint-Mini-Dental-Implants.png","contentUrl":"https:\/\/mintminidentalimplants.com\/wp-content\/uploads\/2023\/09\/Mint-Mini-Dental-Implants.png","width":800,"height":494,"caption":"Mint Mini Dental Implants - John Coolican, DMD"},"image":{"@id":"\/#\/schema\/logo\/image\/"},"sameAs":["https:\/\/www.facebook.com\/MintMiniDentalImplants\/","https:\/\/www.youtube.com\/@johncoolicandmd-mintminide827"]}]}},"_links":{"self":[{"href":"https:\/\/mintminidentalimplants.com\/es\/wp-json\/wp\/v2\/pages\/17","targetHints":{"allow":["GET"]}}],"collection":[{"href":"https:\/\/mintminidentalimplants.com\/es\/wp-json\/wp\/v2\/pages"}],"about":[{"href":"https:\/\/mintminidentalimplants.com\/es\/wp-json\/wp\/v2\/types\/page"}],"author":[{"embeddable":true,"href":"https:\/\/mintminidentalimplants.com\/es\/wp-json\/wp\/v2\/users\/4"}],"replies":[{"embeddable":true,"href":"https:\/\/mintminidentalimplants.com\/es\/wp-json\/wp\/v2\/comments?post=17"}],"version-history":[{"count":0,"href":"https:\/\/mintminidentalimplants.com\/es\/wp-json\/wp\/v2\/pages\/17\/revisions"}],"wp:featuredmedia":[{"embeddable":true,"href":"https:\/\/mintminidentalimplants.com\/es\/wp-json\/wp\/v2\/media\/397"}],"wp:attachment":[{"href":"https:\/\/mintminidentalimplants.com\/es\/wp-json\/wp\/v2\/media?parent=17"}],"curies":[{"name":"wp","href":"https:\/\/api.w.org\/{rel}","templated":true}]}}